{"id":795,"date":"2020-12-01T13:47:49","date_gmt":"2020-12-01T18:47:49","guid":{"rendered":"https:\/\/famfuncabinrentals.com\/?page_id=795"},"modified":"2025-10-27T18:14:24","modified_gmt":"2025-10-27T22:14:24","slug":"terms-and-conditions","status":"publish","type":"page","link":"https:\/\/famfuncabinrentals.com\/fr\/terms-and-conditions\/","title":{"rendered":"Terms and Conditions"},"content":{"rendered":"<div data-elementor-type=\"wp-page\" data-elementor-id=\"795\" class=\"elementor elementor-795\" data-elementor-post-type=\"page\">\n\t\t\t\t\t\t<section class=\"has_eae_slider elementor-section elementor-top-section elementor-element elementor-element-124c00a elementor-section-full_width elementor-section-height-default elementor-section-height-default\" data-eae-slider=\"14017\" data-id=\"124c00a\" data-element_type=\"section\" data-e-type=\"section\">\n\t\t\t\t\t\t<div class=\"elementor-container elementor-column-gap-default\">\n\t\t\t\t\t<div class=\"has_eae_slider elementor-column elementor-col-100 elementor-top-column elementor-element elementor-element-6475f76c\" data-eae-slider=\"94251\" data-id=\"6475f76c\" data-element_type=\"column\" data-e-type=\"column\">\n\t\t\t<div class=\"elementor-widget-wrap elementor-element-populated\">\n\t\t\t\t\t\t<div class=\"elementor-element elementor-element-33df006f elementor-widget elementor-widget-text-editor\" data-id=\"33df006f\" data-element_type=\"widget\" data-e-type=\"widget\" data-widget_type=\"text-editor.default\">\n\t\t\t\t<div class=\"elementor-widget-container\">\n\t\t\t\t\t\t\t\t\t<p style=\"font-family: Montserrat;\"><em><strong>R\u00e9servations et paiements<\/strong><\/em><br>All reservations require full payment at the time of booking. Rates are subject to change without notice.<\/p>\n<p><strong><em>Multi-Night Discount<\/em><\/strong><br>Receive 15% off on bookings of 5 nights or more during our peak season*.&nbsp; Book with us during the off-season** time and receive 25% off.<\/p>\n<p dir=\"ltr\" style=\"line-height: 1.2; margin-top: 0pt; margin-bottom: 0pt;\"><span style=\"font-size: 11pt; font-family: Montserrat, sans-serif; font-weight: bold; font-style: normal; font-variant-numeric: normal; font-variant-east-asian: normal; font-variant-alternates: normal; font-variant-position: normal; white-space-collapse: preserve;\">*Peak season<\/span><span style=\"font-size: 11pt; font-family: Montserrat, sans-serif; font-weight: 400; font-style: normal; font-variant-numeric: normal; font-variant-east-asian: normal; font-variant-alternates: normal; font-variant-position: normal; white-space-collapse: preserve;\"> is between<\/span> <span style=\"font-size: 11pt; font-family: Montserrat, sans-serif; font-weight: 400; font-style: normal; font-variant-numeric: normal; font-variant-east-asian: normal; font-variant-alternates: normal; font-variant-position: normal; white-space-collapse: preserve;\">June 26 &#8211; September 7, 2026 (min 3 night stay)<\/span><\/p>\n<p><span style=\"font-style: normal; font-size: 11pt; font-family: Montserrat, sans-serif; font-weight: bold; font-variant-numeric: normal; font-variant-east-asian: normal; font-variant-alternates: normal; font-variant-position: normal; white-space-collapse: preserve;\">**Off-season<\/span><span style=\"font-style: normal; font-weight: 400; font-size: 11pt; font-family: Montserrat, sans-serif; font-variant-numeric: normal; font-variant-east-asian: normal; font-variant-alternates: normal; font-variant-position: normal; white-space-collapse: preserve;\"> is between May 8 &#8211; June 25, 2025 and September 8 &#8211; October 12,&nbsp; 2026 (min 2 night stay)<\/span><\/p>\n<p dir=\"ltr\" style=\"line-height: 1.2; background-color: #ffffff; margin-top: 0pt; margin-bottom: 0pt;\"><span style=\"font-size: 11pt; font-family: Montserrat,sans-serif; color: #333333; background-color: #ffffff; font-weight: bold; font-style: italic; font-variant: normal; text-decoration: none; vertical-align: baseline; white-space: pre-wrap;\">Annulations&nbsp;<\/span><\/p>\n<p dir=\"ltr\" style=\"line-height: 1.2; background-color: #ffffff; margin-top: 0pt; margin-bottom: 0pt;\">\n<\/p><p dir=\"ltr\" style=\"line-height: 1.2; background-color: #ffffff; margin-top: 0pt; margin-bottom: 0pt;\"><span style=\"font-size: 11pt; font-family: Montserrat,sans-serif; color: #333333; background-color: #ffffff; font-weight: 400; font-style: normal; font-variant: normal; text-decoration: none; vertical-align: baseline; white-space: pre-wrap;\">Our cancellation policy is as follows:<\/span><\/p>\n<p dir=\"ltr\" style=\"line-height: 1.2; background-color: #ffffff; margin-top: 0pt; margin-bottom: 0pt;\"><span style=\"font-size: 11pt; font-family: Montserrat,sans-serif; color: #333333; background-color: #ffffff; font-weight: 400; font-style: normal; font-variant: normal; text-decoration: none; vertical-align: baseline; white-space: pre-wrap;\">&nbsp;<\/span><\/p>\n<ul>\n<li style=\"font-family: Montserrat;\">Cancel 30 days prior to your arrival date and receive a full refund for your booking.<\/li>\n<li style=\"font-family: Montserrat;\"><span style=\"font-weight: 400;\">Cancel 15-29 days prior to your arrival date and receive 75% refund for your booking plus your security deposit and cleaning fee.<\/span><\/li>\n<li style=\"font-family: Montserrat;\"><span style=\"font-weight: 400;\">Cancel 14 days or less prior to your arrival date and receive a refund for your security deposit and cleaning fee.<\/span><\/li>\n<\/ul>\n<p><em><strong>D\u00e9part<\/strong><\/em><strong><em>In and Access to Cabin<\/em><\/strong><br>Check-in time is 3pm for all cabins. Guests are welcome to arrive early and enjoy the facilities of the resort.&nbsp;<span style=\"font-style: normal; font-weight: 400; background-color: transparent; font-size: 11pt; font-family: Montserrat, sans-serif; color: #333333; font-variant-numeric: normal; font-variant-east-asian: normal; font-variant-alternates: normal; font-variant-position: normal; white-space-collapse: preserve;\">Access code to the cabin will be emailed to you on the day of your arrival.&nbsp; <\/span><span style=\"font-weight: 400; background-color: transparent; font-size: 11pt; font-family: Montserrat, sans-serif; color: #333333; font-style: italic; font-variant-numeric: normal; font-variant-east-asian: normal; font-variant-alternates: normal; font-variant-position: normal; white-space-collapse: preserve;\">***Please do not ask the registration office for your access code to the cabin.<\/span><\/p>\n<p>\u00c0 votre arriv\u00e9e, veuillez vous pr\u00e9senter au bureau d\u2019inscription pour vous enregistrer et r\u00e9cup\u00e9rer votre forfait de r\u00e9servation pour votre chalet FamFun.  Si vous arrivez apr\u00e8s les heures d'ouverture et que le bureau d\u2019inscription est ferm\u00e9, votre forfait de r\u00e9servation sera joint \u00e0 la porte d\u2019entr\u00e9e dans une enveloppe avec votre nom de famille.<\/p>\n<p><strong><em>Inside the Cabin<\/em><\/strong><br>Bedding, towels, kitchen utensils, plates, pots and pans are<em> not<\/em> provided inside the cabin.<\/p>\n<p>The following items<em> are <\/em>provided:&nbsp; <br>\u2022 BBQ utensils and cleaning brush<br>\u2022 Wine\/bottle opener<br>\u2022 Can opener<br>\u2022 Single use paper cups, complimentary 2 bottles of water, coffee, tea and sugar<br>\u2022 Single toilet paper and paper towel (no replenishment)<br>\u2022 Dish soap and dish cloth<br>\u2022 Travel size toiletries<br>\u2022 Hair dryer<br>\u2022 Kettle, toaster and Keurig coffee maker<\/p>\n<p><strong><em>Streaming Services<\/em><\/strong><br>Please remember that it is the guest&#8217;s responsibility to log out of any streaming services (ie. Netflix, Disney+, etc.) that the guest may have used during their stay.<strong><em><br><\/em><\/strong><br><em><strong>D\u00e9part<\/strong><\/em><strong><em>Out<\/em><\/strong><br>Check-out time is 11 AM sharp for all cabins, no exceptions unless previously arranged. You may exchange your wristbands in order to stay in the park for the rest of the day and use the amenities (park fee may apply).<\/p>\n<p><strong><em>Pool Area Information<br><\/em><\/strong>Pool and splashpad are open daily during the peak season. Please see below for details:<\/p>\n<p>OPEN June 19-September 6 from 11am-7pm<br>OPEN September 7 from 11am-5pm<\/p>\n<p><span style=\"font-weight: 400;\">Inflatables are allowed in the shallow pool area.<\/span><\/p>\n<p>The large waterslide will be open daily between 12-5pm.<\/p>\n<p>For information on other activities, please visit <a href=\"https:\/\/bissellshideaway.com\/amenities\/\"><span style=\"color: #00ab66;\">https:\/\/bissellshideaway.com\/amenities\/<\/span><\/a><\/p>\n<p><em><strong>Tenting<\/strong><\/em><br>Tenting right next to any of the cabins is not permitted and may lead to you and\/or your guests being asked to leave the park.<\/p>\n<p><strong><em>Privacy<\/em><\/strong><br>Some of our cabins are located next to other privately owned cabins.&nbsp; Please be respectful of the owners and their property.<\/p>\n<p><em><strong>Quiet Time<\/strong><\/em><br>Quiet time is at 10pm on Sunday through Thursday, and 11pm on Friday and Saturday. All music <span style=\"text-decoration: underline;\">must be off<\/span> during these times.<\/p>\n<p><em><strong>Frais<\/strong><\/em><br>All rental pricing includes up to 4 guests (including children). Additional guests (adults or children) are $25 per person per night (weeknights) and $30 per person per night (weekends) up to a maximum of 6 people (applies to cabins which accomodate 6 guests).<\/p>\n<p>Les enfants de 2 ans et moins sont gratuits et doivent \u00eatre supervis\u00e9s par un adulte \u00e0 tout temps.<\/p>\n<p>Security deposit of $200 is charged per cabin at the time of booking and is fully refundable upon checkout.&nbsp; Standard processing of 3-5 business days applies.<\/p>\n<p>Cleaning fees range between $89-$99+hst and are charged per cabin at the time of booking to cover the cost of cleaning the space.<\/p>\n<p>You are allowed to have day visitors. Your visitors are subject to Bissell\u2019s Hideaway Resort day pass which can be purchased <span style=\"color: #00ab66;\"><a style=\"color: #00ab66;\" href=\"https:\/\/fareharbor.com\/embeds\/book\/bissellshideaway\/items\/364282\/calendar\/2023\/06\/\">here&nbsp;<\/a><span style=\"color: #000000;\">.&nbsp;<strong><em>Note:&nbsp;<\/em><\/strong><em>Day pass fees apply and are subject to change by Bissell&#8217;s Hideaway Resort.<\/em><\/span><\/span><\/p>\n<p>We welcome your pets. $35+hst per pet per night will be added if you do choose to bring your pet(s). Note that pets are not allowed in the pool area.&nbsp;<span style=\"background-color: transparent; color: #333333; font-family: Montserrat, sans-serif; font-size: 11pt; font-style: italic; font-weight: 400; text-decoration-line: underline; white-space-collapse: preserve;\">If&nbsp;you fail to let us know you have a pet, the pet fees will be charged.<\/span><\/p>\n<p>If you fail to let us know you have a pet, the pet fees will be charged.<\/p>\n<p>Il est interdit de fumer ou de vapoter dans les chalets.<\/p>\n<p><span id=\"docs-internal-guid-a28a7150-7fff-8b7e-6934-0261d67f2056\" style=\"font-weight: normal;\"><span style=\"font-size: 11pt; font-family: Montserrat, sans-serif; color: #333333; font-weight: 400; font-style: normal; font-variant-numeric: normal; font-variant-east-asian: normal; font-variant-alternates: normal; font-variant-position: normal; white-space-collapse: preserve;\">You are responsible for any damage to the cabin or its contents. All of our cabins are inspected prior to your arrival and after your departure.&nbsp; Please review the Welcome Checklist, which includes a list of cabin items and their replacement costs in case of damage or loss during your stay.&nbsp; You will be notified before any charges are applied to your card.&nbsp; Security deposit of $200 may not be refunded if severe damages are found, including smoking.<\/span><\/span><\/p>\n<p><strong><em>Renseignements importants<\/em><\/strong><br>Please note that FamFun Cabin Rentals is a privately owned company and the cabins are not the property of Bissell&#8217;s Hideaway Resort.<\/p>\n<p>For any inquiries related to the cabin stay, please contact FamFun Cabin Rentals at <strong><a href=\"mailto:famfuncabins@gmail.com\" target=\"_blank\" rel=\"noreferrer noopener\">famfuncabins@gmail.com<\/a><\/strong> or <strong>+1 (289) 962-7107<\/strong>.<\/p>\n<p><!-- \/wp:paragraph --><\/p>\t\t\t\t\t\t\t\t<\/div>\n\t\t\t\t<\/div>\n\t\t\t\t\t<\/div>\n\t\t<\/div>\n\t\t\t\t\t<\/div>\n\t\t<\/section>\n\t\t\t\t<\/div>","protected":false},"excerpt":{"rendered":"<p>Reservation PaymentsAll reservations require full payment at the time of booking. Rates are subject to change without notice. Multi-Night DiscountReceive 15% off on bookings of 5 nights or more during our peak season*.&nbsp; Book with us during the off-season** time and receive 25% off. *Peak season is between June 26 &#8211; September 7, 2026 (minContinue reading &rarr;<\/p>","protected":false},"author":1,"featured_media":0,"parent":0,"menu_order":0,"comment_status":"closed","ping_status":"closed","template":"","meta":{"_coblocks_attr":"Montserrat,Montserrat","_coblocks_dimensions":"","_coblocks_responsive_height":"","_coblocks_accordion_ie_support":"","footnotes":""},"class_list":["post-795","page","type-page","status-publish","hentry","no-thumb"],"yoast_head":"<!-- This site is optimized with the Yoast SEO plugin v27.5 - https:\/\/yoast.com\/product\/yoast-seo-wordpress\/ -->\n<title>FamFun Cabin Rentals - Terms and Conditions<\/title>\n<meta name=\"description\" content=\"Please read our terms and conditions for everything you need to know about booking with FamFun Cabin Rentals.\" \/>\n<meta name=\"robots\" content=\"index, follow, max-snippet:-1, max-image-preview:large, max-video-preview:-1\" \/>\n<link rel=\"canonical\" href=\"https:\/\/famfuncabinrentals.com\/fr\/terms-and-conditions\/\" \/>\n<meta property=\"og:locale\" content=\"fr_CA\" \/>\n<meta property=\"og:type\" content=\"article\" \/>\n<meta property=\"og:title\" content=\"FamFun Cabin Rentals - Terms and Conditions\" \/>\n<meta property=\"og:description\" content=\"Please read our terms and conditions for everything you need to know about booking with FamFun Cabin Rentals.\" \/>\n<meta property=\"og:url\" content=\"https:\/\/famfuncabinrentals.com\/fr\/terms-and-conditions\/\" \/>\n<meta property=\"og:site_name\" content=\"FamFun Cabin Rentals\" \/>\n<meta property=\"article:publisher\" content=\"https:\/\/www.facebook.com\/famfuncabins\/\" \/>\n<meta property=\"article:modified_time\" content=\"2025-10-27T22:14:24+00:00\" \/>\n<meta name=\"twitter:card\" content=\"summary_large_image\" \/>\n<meta name=\"twitter:label1\" content=\"Estimation du temps de lecture\" \/>\n\t<meta name=\"twitter:data1\" content=\"4 minutes\" \/>\n<script type=\"application\/ld+json\" class=\"yoast-schema-graph\">{\"@context\":\"https:\\\/\\\/schema.org\",\"@graph\":[{\"@type\":\"WebPage\",\"@id\":\"https:\\\/\\\/famfuncabinrentals.com\\\/terms-and-conditions\\\/\",\"url\":\"https:\\\/\\\/famfuncabinrentals.com\\\/terms-and-conditions\\\/\",\"name\":\"FamFun Cabin Rentals - Terms and Conditions\",\"isPartOf\":{\"@id\":\"https:\\\/\\\/famfuncabinrentals.com\\\/#website\"},\"datePublished\":\"2020-12-01T18:47:49+00:00\",\"dateModified\":\"2025-10-27T22:14:24+00:00\",\"description\":\"Please read our terms and conditions for everything you need to know about booking with FamFun Cabin Rentals.\",\"breadcrumb\":{\"@id\":\"https:\\\/\\\/famfuncabinrentals.com\\\/terms-and-conditions\\\/#breadcrumb\"},\"inLanguage\":\"fr-CA\",\"potentialAction\":[{\"@type\":\"ReadAction\",\"target\":[\"https:\\\/\\\/famfuncabinrentals.com\\\/terms-and-conditions\\\/\"]}]},{\"@type\":\"BreadcrumbList\",\"@id\":\"https:\\\/\\\/famfuncabinrentals.com\\\/terms-and-conditions\\\/#breadcrumb\",\"itemListElement\":[{\"@type\":\"ListItem\",\"position\":1,\"name\":\"Home\",\"item\":\"https:\\\/\\\/famfuncabinrentals.com\\\/\"},{\"@type\":\"ListItem\",\"position\":2,\"name\":\"Terms and Conditions\"}]},{\"@type\":\"WebSite\",\"@id\":\"https:\\\/\\\/famfuncabinrentals.com\\\/#website\",\"url\":\"https:\\\/\\\/famfuncabinrentals.com\\\/\",\"name\":\"FamFun Cabin Rentals\",\"description\":\"Your family fun awaits!\",\"publisher\":{\"@id\":\"https:\\\/\\\/famfuncabinrentals.com\\\/#organization\"},\"potentialAction\":[{\"@type\":\"SearchAction\",\"target\":{\"@type\":\"EntryPoint\",\"urlTemplate\":\"https:\\\/\\\/famfuncabinrentals.com\\\/?s={search_term_string}\"},\"query-input\":{\"@type\":\"PropertyValueSpecification\",\"valueRequired\":true,\"valueName\":\"search_term_string\"}}],\"inLanguage\":\"fr-CA\"},{\"@type\":\"Organization\",\"@id\":\"https:\\\/\\\/famfuncabinrentals.com\\\/#organization\",\"name\":\"FamFun Cabin Rentals\",\"url\":\"https:\\\/\\\/famfuncabinrentals.com\\\/\",\"logo\":{\"@type\":\"ImageObject\",\"inLanguage\":\"fr-CA\",\"@id\":\"https:\\\/\\\/famfuncabinrentals.com\\\/#\\\/schema\\\/logo\\\/image\\\/\",\"url\":\"https:\\\/\\\/secureservercdn.net\\\/72.167.242.48\\\/94i.fe2.myftpupload.com\\\/wp-content\\\/uploads\\\/2020\\\/11\\\/FamFun-header-logo-250x106_nov30.png?time=1617811747\",\"contentUrl\":\"https:\\\/\\\/secureservercdn.net\\\/72.167.242.48\\\/94i.fe2.myftpupload.com\\\/wp-content\\\/uploads\\\/2020\\\/11\\\/FamFun-header-logo-250x106_nov30.png?time=1617811747\",\"width\":250,\"height\":107,\"caption\":\"FamFun Cabin Rentals\"},\"image\":{\"@id\":\"https:\\\/\\\/famfuncabinrentals.com\\\/#\\\/schema\\\/logo\\\/image\\\/\"},\"sameAs\":[\"https:\\\/\\\/www.facebook.com\\\/famfuncabins\\\/\",\"https:\\\/\\\/www.instagram.com\\\/famfuncabins\\\/\"]}]}<\/script>\n<!-- \/ Yoast SEO plugin. -->","yoast_head_json":{"title":"FamFun Cabin Rentals - Terms and Conditions","description":"Please read our terms and conditions for everything you need to know about booking with FamFun Cabin Rentals.","robots":{"index":"index","follow":"follow","max-snippet":"max-snippet:-1","max-image-preview":"max-image-preview:large","max-video-preview":"max-video-preview:-1"},"canonical":"https:\/\/famfuncabinrentals.com\/fr\/terms-and-conditions\/","og_locale":"fr_CA","og_type":"article","og_title":"FamFun Cabin Rentals - Terms and Conditions","og_description":"Please read our terms and conditions for everything you need to know about booking with FamFun Cabin Rentals.","og_url":"https:\/\/famfuncabinrentals.com\/fr\/terms-and-conditions\/","og_site_name":"FamFun Cabin Rentals","article_publisher":"https:\/\/www.facebook.com\/famfuncabins\/","article_modified_time":"2025-10-27T22:14:24+00:00","twitter_card":"summary_large_image","twitter_misc":{"Estimation du temps de lecture":"4 minutes"},"schema":{"@context":"https:\/\/schema.org","@graph":[{"@type":"WebPage","@id":"https:\/\/famfuncabinrentals.com\/terms-and-conditions\/","url":"https:\/\/famfuncabinrentals.com\/terms-and-conditions\/","name":"FamFun Cabin Rentals - Terms and Conditions","isPartOf":{"@id":"https:\/\/famfuncabinrentals.com\/#website"},"datePublished":"2020-12-01T18:47:49+00:00","dateModified":"2025-10-27T22:14:24+00:00","description":"Please read our terms and conditions for everything you need to know about booking with FamFun Cabin Rentals.","breadcrumb":{"@id":"https:\/\/famfuncabinrentals.com\/terms-and-conditions\/#breadcrumb"},"inLanguage":"fr-CA","potentialAction":[{"@type":"ReadAction","target":["https:\/\/famfuncabinrentals.com\/terms-and-conditions\/"]}]},{"@type":"BreadcrumbList","@id":"https:\/\/famfuncabinrentals.com\/terms-and-conditions\/#breadcrumb","itemListElement":[{"@type":"ListItem","position":1,"name":"Home","item":"https:\/\/famfuncabinrentals.com\/"},{"@type":"ListItem","position":2,"name":"Terms and Conditions"}]},{"@type":"WebSite","@id":"https:\/\/famfuncabinrentals.com\/#website","url":"https:\/\/famfuncabinrentals.com\/","name":"FamFun Cabin Rentals","description":"Votre plaisir en famille vous attend!","publisher":{"@id":"https:\/\/famfuncabinrentals.com\/#organization"},"potentialAction":[{"@type":"SearchAction","target":{"@type":"EntryPoint","urlTemplate":"https:\/\/famfuncabinrentals.com\/?s={search_term_string}"},"query-input":{"@type":"PropertyValueSpecification","valueRequired":true,"valueName":"search_term_string"}}],"inLanguage":"fr-CA"},{"@type":"Organization","@id":"https:\/\/famfuncabinrentals.com\/#organization","name":"FamFun Cabin Rentals","url":"https:\/\/famfuncabinrentals.com\/","logo":{"@type":"ImageObject","inLanguage":"fr-CA","@id":"https:\/\/famfuncabinrentals.com\/#\/schema\/logo\/image\/","url":"https:\/\/secureservercdn.net\/72.167.242.48\/94i.fe2.myftpupload.com\/wp-content\/uploads\/2020\/11\/FamFun-header-logo-250x106_nov30.png?time=1617811747","contentUrl":"https:\/\/secureservercdn.net\/72.167.242.48\/94i.fe2.myftpupload.com\/wp-content\/uploads\/2020\/11\/FamFun-header-logo-250x106_nov30.png?time=1617811747","width":250,"height":107,"caption":"FamFun Cabin Rentals"},"image":{"@id":"https:\/\/famfuncabinrentals.com\/#\/schema\/logo\/image\/"},"sameAs":["https:\/\/www.facebook.com\/famfuncabins\/","https:\/\/www.instagram.com\/famfuncabins\/"]}]}},"_links":{"self":[{"href":"https:\/\/famfuncabinrentals.com\/fr\/wp-json\/wp\/v2\/pages\/795","targetHints":{"allow":["GET"]}}],"collection":[{"href":"https:\/\/famfuncabinrentals.com\/fr\/wp-json\/wp\/v2\/pages"}],"about":[{"href":"https:\/\/famfuncabinrentals.com\/fr\/wp-json\/wp\/v2\/types\/page"}],"author":[{"embeddable":true,"href":"https:\/\/famfuncabinrentals.com\/fr\/wp-json\/wp\/v2\/users\/1"}],"replies":[{"embeddable":true,"href":"https:\/\/famfuncabinrentals.com\/fr\/wp-json\/wp\/v2\/comments?post=795"}],"version-history":[{"count":79,"href":"https:\/\/famfuncabinrentals.com\/fr\/wp-json\/wp\/v2\/pages\/795\/revisions"}],"predecessor-version":[{"id":6086,"href":"https:\/\/famfuncabinrentals.com\/fr\/wp-json\/wp\/v2\/pages\/795\/revisions\/6086"}],"wp:attachment":[{"href":"https:\/\/famfuncabinrentals.com\/fr\/wp-json\/wp\/v2\/media?parent=795"}],"curies":[{"name":"wp","href":"https:\/\/api.w.org\/{rel}","templated":true}]}}