{"id":466,"date":"2020-12-01T10:28:23","date_gmt":"2020-12-01T15:28:23","guid":{"rendered":"https:\/\/famfuncabinrentals.com\/?page_id=466"},"modified":"2021-01-11T18:55:24","modified_gmt":"2021-01-11T23:55:24","slug":"our-story","status":"publish","type":"page","link":"https:\/\/famfuncabinrentals.com\/fr\/our-story\/","title":{"rendered":"Notre histoire"},"content":{"rendered":"<p class=\"has-custom-font\" style=\"font-family:Montserrat\">FamFun Cabin Rentals a \u00e9t\u00e9 fond\u00e9 par trois familles ordinaires, qui sont \u00e9galement toutes des h\u00f4tes saisonniers du Bissell\u2019s Hideaway Resort.<br><br>Pour l\u2019une des familles, le centre de vill\u00e9giature de Bissell est leur lieu de r\u00e9sidence depuis plusieurs g\u00e9n\u00e9rations. Ils avaient l\u2019habitude de venir avec leurs parents quand ils \u00e9taient enfants, puis ils ont commenc\u00e9 \u00e0 venir avec leurs propres familles. Leurs enfants ont grandi en apprenant \u00e0 faire du v\u00e9lo et \u00e0 nager pendant leurs s\u00e9jours saisonniers au centre de vill\u00e9giature. Ils cr\u00e9ent tous les souvenirs en grandissant, une saison \u00e0 la fois. In\u00e9vitablement, ils ont fait partie de la communaut\u00e9 de vill\u00e9giature pour les ann\u00e9es \u00e0 venir.<br><br>Une deuxi\u00e8me famille s\u2019est lanc\u00e9e dans ce voyage il y a \u00e0 peine trois ans lorsqu\u2019elle a \u00e9t\u00e9 invit\u00e9e \u00e0 un voyage de camping d\u2019amis. Leurs enfants ont tellement appr\u00e9ci\u00e9 l\u2019exp\u00e9rience qu\u2019ils ont d\u00e9cid\u00e9 d\u2019explorer le monde du camping saisonnier et c\u2019est alors qu\u2019ils ont trouv\u00e9 Bissell\u2019s Hideaway Resort. Ils voulaient  que leur famille passe plus de temps ensemble tout en profitant de leurs journ\u00e9es d\u2019\u00e9t\u00e9 en plein air, au soleil, dans la piscine et pr\u00e8s du feu de camp.<br><br>La troisi\u00e8me famille est \u00e9galement assez nouvelle dans la communaut\u00e9 des centres de vill\u00e9giature. Avant de fonder leur jeune famille, ils \u00e9taient des campeurs avides de tentes. Mais la vie est devenue occup\u00e9e et ces jours de camping ont lentement disparu jusqu\u2019\u00e0 il y a quelques ann\u00e9es quand ils ont visit\u00e9 le parc pour une journ\u00e9e. Juste ce jour-l\u00e0, ils ont retrouv\u00e9 des souvenirs de camping. \u00c0 la vitesse de la lumi\u00e8re, ils ont pu sentir que la station Bissell\u2019s Hideaway \u00e9tait l\u2019endroit id\u00e9al pour eux pendant les mois d\u2019\u00e9t\u00e9 avec leur jeune famille.  Ils voulaient un sentiment de confort et de stabilit\u00e9. Ils voulaient revenir \u00e0 l\u2019\u00e9poque de la musique, des rires, de la danse, du chant et des histoires autour du feu de camp.<br><br><em>Comment et pourquoi nous nous sommes r\u00e9unis pour faire \u00e7a?<\/em><br><br>Nous partagions tous la m\u00eame passion. La passion de passer nos journ\u00e9es d\u2019\u00e9t\u00e9 au soleil, \u00e0 la piscine, le barbecue, la nourriture, le partage des histoires pr\u00e8s du feu, mais surtout, se faire des amis et des souvenirs pour durer toute une vie. Nous voulions transmettre cette passion \u00e0 d\u2019autres invit\u00e9s, leur donner la chance de faire l\u2019exp\u00e9rience du plaisir, du rire et de cr\u00e9er les m\u00eames souvenirs que nous avons cr\u00e9\u00e9s et que nous continuons de cr\u00e9er.<br><br>Peu importe ce que vous \u00eates de jour en jour, ne cherchez pas plus loin parce que FamFun Cabin Rentals peut \u00eatre cette \u00e9vasion dont vous avez besoin.<\/p>\n\n\n\n<div style=\"height:20px\" aria-hidden=\"true\" class=\"wp-block-spacer\"><\/div>\n\n\n\n<hr class=\"wp-block-separator is-style-dots\"\/>\n\n\n\n<div style=\"height:20px\" aria-hidden=\"true\" class=\"wp-block-spacer\"><\/div>\n\n\n\n<p class=\"has-black-color has-text-color has-custom-font\" style=\"font-family:Montserrat\"><strong>\u00c0 propos de la station Bissell\u2019s Hideaway<\/strong><br><br>Visitez le <a href=\"https:\/\/bissellshideaway.com\/\" target=\"_blank\" rel=\"noreferrer noopener\"><span style=\"color:#00ab66\" class=\"has-inline-color\">site Web<\/span><\/a> de la station pour plus d\u2019informations au sujet du parc et les d\u00e9tails de toutes les commodit\u00e9s disponibles que vous pourrez profiter une fois que vous r\u00e9servez avec FamFun Cabin Rentals.<br><br>Assurez-vous \u00e9galement d\u2019examiner <a href=\"https:\/\/bissellshideaway.com\/wp-content\/uploads\/2020\/12\/resort-rules-2021.pdf\" target=\"_blank\" rel=\"noreferrer noopener\"><span style=\"color:#00ab66\" class=\"has-inline-color\">les r\u00e8glements<\/span><\/a> de vill\u00e9giature qui s\u2019appliquent \u00e0 votre s\u00e9jour. Vous pouvez \u00e9galement t\u00e9l\u00e9charger <a href=\"https:\/\/bissellshideaway.com\/wp-content\/uploads\/2021\/01\/bissells-map-2021.pdf\" target=\"_blank\" rel=\"noreferrer noopener\"><span style=\"color:#00ab66\" class=\"has-inline-color\">le plan de la station<\/span><\/a> pour voir quelles cabines appartiennent \u00e0 FamFun Cabin Rentals.<\/p>","protected":false},"excerpt":{"rendered":"<p>FamFun Cabin Rentals has been founded by three ordinary families, who also all happen to&nbsp;be seasonal guests at the Bissell\u2019s Hideaway Resort themselves. For one of the families, Bissell\u2019s resort has been their home away from home for several generations.&nbsp; They used to come with their parents when they were children, then they started comingContinue reading &rarr;<\/p>","protected":false},"author":1,"featured_media":0,"parent":0,"menu_order":0,"comment_status":"closed","ping_status":"closed","template":"","meta":{"_coblocks_attr":"Montserrat,Montserrat","_coblocks_dimensions":"","_coblocks_responsive_height":"","_coblocks_accordion_ie_support":"","footnotes":""},"class_list":["post-466","page","type-page","status-publish","hentry","no-thumb"],"yoast_head":"<!-- This site is optimized with the Yoast SEO plugin v27.4 - https:\/\/yoast.com\/product\/yoast-seo-wordpress\/ -->\n<title>FamFun Cabin Rentals - Our Story<\/title>\n<meta name=\"description\" content=\"This is our story of how FamFun Cabin Rentals started. Book one of our cabins and enjoy fun with your family.\" \/>\n<meta name=\"robots\" content=\"index, follow, max-snippet:-1, max-image-preview:large, max-video-preview:-1\" \/>\n<link rel=\"canonical\" href=\"https:\/\/famfuncabinrentals.com\/fr\/our-story\/\" \/>\n<meta property=\"og:locale\" content=\"fr_CA\" \/>\n<meta property=\"og:type\" content=\"article\" \/>\n<meta property=\"og:title\" content=\"FamFun Cabin Rentals - Our Story\" \/>\n<meta property=\"og:description\" content=\"This is our story of how FamFun Cabin Rentals started. Book one of our cabins and enjoy fun with your family.\" \/>\n<meta property=\"og:url\" content=\"https:\/\/famfuncabinrentals.com\/fr\/our-story\/\" \/>\n<meta property=\"og:site_name\" content=\"FamFun Cabin Rentals\" \/>\n<meta property=\"article:publisher\" content=\"https:\/\/www.facebook.com\/famfuncabins\/\" \/>\n<meta property=\"article:modified_time\" content=\"2021-01-11T23:55:24+00:00\" \/>\n<meta name=\"twitter:card\" content=\"summary_large_image\" \/>\n<meta name=\"twitter:label1\" content=\"Estimation du temps de lecture\" \/>\n\t<meta name=\"twitter:data1\" content=\"2 minutes\" \/>\n<script type=\"application\/ld+json\" class=\"yoast-schema-graph\">{\"@context\":\"https:\\\/\\\/schema.org\",\"@graph\":[{\"@type\":[\"WebPage\",\"AboutPage\"],\"@id\":\"https:\\\/\\\/famfuncabinrentals.com\\\/our-story\\\/\",\"url\":\"https:\\\/\\\/famfuncabinrentals.com\\\/our-story\\\/\",\"name\":\"FamFun Cabin Rentals - Our Story\",\"isPartOf\":{\"@id\":\"https:\\\/\\\/famfuncabinrentals.com\\\/#website\"},\"datePublished\":\"2020-12-01T15:28:23+00:00\",\"dateModified\":\"2021-01-11T23:55:24+00:00\",\"description\":\"This is our story of how FamFun Cabin Rentals started. Book one of our cabins and enjoy fun with your family.\",\"breadcrumb\":{\"@id\":\"https:\\\/\\\/famfuncabinrentals.com\\\/our-story\\\/#breadcrumb\"},\"inLanguage\":\"fr-CA\",\"potentialAction\":[{\"@type\":\"ReadAction\",\"target\":[\"https:\\\/\\\/famfuncabinrentals.com\\\/our-story\\\/\"]}]},{\"@type\":\"BreadcrumbList\",\"@id\":\"https:\\\/\\\/famfuncabinrentals.com\\\/our-story\\\/#breadcrumb\",\"itemListElement\":[{\"@type\":\"ListItem\",\"position\":1,\"name\":\"Home\",\"item\":\"https:\\\/\\\/famfuncabinrentals.com\\\/\"},{\"@type\":\"ListItem\",\"position\":2,\"name\":\"Our Story\"}]},{\"@type\":\"WebSite\",\"@id\":\"https:\\\/\\\/famfuncabinrentals.com\\\/#website\",\"url\":\"https:\\\/\\\/famfuncabinrentals.com\\\/\",\"name\":\"FamFun Cabin Rentals\",\"description\":\"Your family fun awaits!\",\"publisher\":{\"@id\":\"https:\\\/\\\/famfuncabinrentals.com\\\/#organization\"},\"potentialAction\":[{\"@type\":\"SearchAction\",\"target\":{\"@type\":\"EntryPoint\",\"urlTemplate\":\"https:\\\/\\\/famfuncabinrentals.com\\\/?s={search_term_string}\"},\"query-input\":{\"@type\":\"PropertyValueSpecification\",\"valueRequired\":true,\"valueName\":\"search_term_string\"}}],\"inLanguage\":\"fr-CA\"},{\"@type\":\"Organization\",\"@id\":\"https:\\\/\\\/famfuncabinrentals.com\\\/#organization\",\"name\":\"FamFun Cabin Rentals\",\"url\":\"https:\\\/\\\/famfuncabinrentals.com\\\/\",\"logo\":{\"@type\":\"ImageObject\",\"inLanguage\":\"fr-CA\",\"@id\":\"https:\\\/\\\/famfuncabinrentals.com\\\/#\\\/schema\\\/logo\\\/image\\\/\",\"url\":\"https:\\\/\\\/secureservercdn.net\\\/72.167.242.48\\\/94i.fe2.myftpupload.com\\\/wp-content\\\/uploads\\\/2020\\\/11\\\/FamFun-header-logo-250x106_nov30.png?time=1617811747\",\"contentUrl\":\"https:\\\/\\\/secureservercdn.net\\\/72.167.242.48\\\/94i.fe2.myftpupload.com\\\/wp-content\\\/uploads\\\/2020\\\/11\\\/FamFun-header-logo-250x106_nov30.png?time=1617811747\",\"width\":250,\"height\":107,\"caption\":\"FamFun Cabin Rentals\"},\"image\":{\"@id\":\"https:\\\/\\\/famfuncabinrentals.com\\\/#\\\/schema\\\/logo\\\/image\\\/\"},\"sameAs\":[\"https:\\\/\\\/www.facebook.com\\\/famfuncabins\\\/\",\"https:\\\/\\\/www.instagram.com\\\/famfuncabins\\\/\"]}]}<\/script>\n<!-- \/ Yoast SEO plugin. -->","yoast_head_json":{"title":"FamFun Cabin Rentals - Our Story","description":"This is our story of how FamFun Cabin Rentals started. Book one of our cabins and enjoy fun with your family.","robots":{"index":"index","follow":"follow","max-snippet":"max-snippet:-1","max-image-preview":"max-image-preview:large","max-video-preview":"max-video-preview:-1"},"canonical":"https:\/\/famfuncabinrentals.com\/fr\/our-story\/","og_locale":"fr_CA","og_type":"article","og_title":"FamFun Cabin Rentals - Our Story","og_description":"This is our story of how FamFun Cabin Rentals started. Book one of our cabins and enjoy fun with your family.","og_url":"https:\/\/famfuncabinrentals.com\/fr\/our-story\/","og_site_name":"FamFun Cabin Rentals","article_publisher":"https:\/\/www.facebook.com\/famfuncabins\/","article_modified_time":"2021-01-11T23:55:24+00:00","twitter_card":"summary_large_image","twitter_misc":{"Estimation du temps de lecture":"2 minutes"},"schema":{"@context":"https:\/\/schema.org","@graph":[{"@type":["WebPage","AboutPage"],"@id":"https:\/\/famfuncabinrentals.com\/our-story\/","url":"https:\/\/famfuncabinrentals.com\/our-story\/","name":"FamFun Cabin Rentals - Our Story","isPartOf":{"@id":"https:\/\/famfuncabinrentals.com\/#website"},"datePublished":"2020-12-01T15:28:23+00:00","dateModified":"2021-01-11T23:55:24+00:00","description":"This is our story of how FamFun Cabin Rentals started. Book one of our cabins and enjoy fun with your family.","breadcrumb":{"@id":"https:\/\/famfuncabinrentals.com\/our-story\/#breadcrumb"},"inLanguage":"fr-CA","potentialAction":[{"@type":"ReadAction","target":["https:\/\/famfuncabinrentals.com\/our-story\/"]}]},{"@type":"BreadcrumbList","@id":"https:\/\/famfuncabinrentals.com\/our-story\/#breadcrumb","itemListElement":[{"@type":"ListItem","position":1,"name":"Home","item":"https:\/\/famfuncabinrentals.com\/"},{"@type":"ListItem","position":2,"name":"Our Story"}]},{"@type":"WebSite","@id":"https:\/\/famfuncabinrentals.com\/#website","url":"https:\/\/famfuncabinrentals.com\/","name":"FamFun Cabin Rentals","description":"Votre plaisir en famille vous attend!","publisher":{"@id":"https:\/\/famfuncabinrentals.com\/#organization"},"potentialAction":[{"@type":"SearchAction","target":{"@type":"EntryPoint","urlTemplate":"https:\/\/famfuncabinrentals.com\/?s={search_term_string}"},"query-input":{"@type":"PropertyValueSpecification","valueRequired":true,"valueName":"search_term_string"}}],"inLanguage":"fr-CA"},{"@type":"Organization","@id":"https:\/\/famfuncabinrentals.com\/#organization","name":"FamFun Cabin Rentals","url":"https:\/\/famfuncabinrentals.com\/","logo":{"@type":"ImageObject","inLanguage":"fr-CA","@id":"https:\/\/famfuncabinrentals.com\/#\/schema\/logo\/image\/","url":"https:\/\/secureservercdn.net\/72.167.242.48\/94i.fe2.myftpupload.com\/wp-content\/uploads\/2020\/11\/FamFun-header-logo-250x106_nov30.png?time=1617811747","contentUrl":"https:\/\/secureservercdn.net\/72.167.242.48\/94i.fe2.myftpupload.com\/wp-content\/uploads\/2020\/11\/FamFun-header-logo-250x106_nov30.png?time=1617811747","width":250,"height":107,"caption":"FamFun Cabin Rentals"},"image":{"@id":"https:\/\/famfuncabinrentals.com\/#\/schema\/logo\/image\/"},"sameAs":["https:\/\/www.facebook.com\/famfuncabins\/","https:\/\/www.instagram.com\/famfuncabins\/"]}]}},"_links":{"self":[{"href":"https:\/\/famfuncabinrentals.com\/fr\/wp-json\/wp\/v2\/pages\/466","targetHints":{"allow":["GET"]}}],"collection":[{"href":"https:\/\/famfuncabinrentals.com\/fr\/wp-json\/wp\/v2\/pages"}],"about":[{"href":"https:\/\/famfuncabinrentals.com\/fr\/wp-json\/wp\/v2\/types\/page"}],"author":[{"embeddable":true,"href":"https:\/\/famfuncabinrentals.com\/fr\/wp-json\/wp\/v2\/users\/1"}],"replies":[{"embeddable":true,"href":"https:\/\/famfuncabinrentals.com\/fr\/wp-json\/wp\/v2\/comments?post=466"}],"version-history":[{"count":20,"href":"https:\/\/famfuncabinrentals.com\/fr\/wp-json\/wp\/v2\/pages\/466\/revisions"}],"predecessor-version":[{"id":1734,"href":"https:\/\/famfuncabinrentals.com\/fr\/wp-json\/wp\/v2\/pages\/466\/revisions\/1734"}],"wp:attachment":[{"href":"https:\/\/famfuncabinrentals.com\/fr\/wp-json\/wp\/v2\/media?parent=466"}],"curies":[{"name":"wp","href":"https:\/\/api.w.org\/{rel}","templated":true}]}}